{"id":113736,"date":"2022-09-26T15:40:37","date_gmt":"2022-09-26T13:40:37","guid":{"rendered":"https:\/\/auktion.kustom.ch\/cart\/"},"modified":"2022-09-27T21:09:15","modified_gmt":"2022-09-27T19:09:15","slug":"warenkorb","status":"publish","type":"page","link":"https:\/\/auktion.kustom.ch\/fr\/warenkorb\/","title":{"rendered":"Panier d'achat"},"content":{"rendered":"<div data-elementor-type=\"wp-page\" data-elementor-id=\"113736\" class=\"elementor elementor-113736\">\n\t\t\t\t\t\t<section class=\"elementor-section elementor-top-section elementor-element elementor-element-9953e44 elementor-reverse-tablet elementor-reverse-mobile elementor-section-boxed elementor-section-height-default elementor-section-height-default\" data-id=\"9953e44\" data-element_type=\"section\">\n\t\t\t\t\t\t<div class=\"elementor-container elementor-column-gap-no\">\n\t\t\t\t\t<div class=\"elementor-column elementor-col-100 elementor-top-column elementor-element elementor-element-331702f2\" data-id=\"331702f2\" data-element_type=\"column\">\n\t\t\t<div class=\"elementor-widget-wrap elementor-element-populated\">\n\t\t\t\t\t\t<div class=\"elementor-element elementor-element-3c37624b elementor-headline--style-highlight elementor-widget elementor-widget-animated-headline\" data-id=\"3c37624b\" data-element_type=\"widget\" data-settings=\"{&quot;highlighted_text&quot;:&quot;Warenkorb&quot;,&quot;headline_style&quot;:&quot;highlight&quot;,&quot;marker&quot;:&quot;circle&quot;,&quot;loop&quot;:&quot;yes&quot;,&quot;highlight_animation_duration&quot;:1200,&quot;highlight_iteration_delay&quot;:8000}\" data-widget_type=\"animated-headline.default\">\n\t\t\t\t<div class=\"elementor-widget-container\">\n\t\t\t\t\t\t\t<h1 class=\"elementor-headline\">\n\t\t\t\t<span class=\"elementor-headline-dynamic-wrapper elementor-headline-text-wrapper\">\n\t\t\t\t\t<span class=\"elementor-headline-dynamic-text elementor-headline-text-active\">Panier d'achat<\/span>\n\t\t\t\t<\/span>\n\t\t\t\t<\/h1>\n\t\t\t\t\t\t<\/div>\n\t\t\t\t<\/div>\n\t\t\t\t<div class=\"elementor-element elementor-element-4fb72717 e-cart-layout-two-column elementor-widget elementor-widget-woocommerce-cart\" data-id=\"4fb72717\" data-element_type=\"widget\" data-widget_type=\"woocommerce-cart.default\">\n\t\t\t\t<div class=\"elementor-widget-container\">\n\t\t\t\t\t<div class=\"woocommerce\"><div class=\"woocommerce-notices-wrapper\"><\/div><div class=\"wc-empty-cart-message\">\n\t<div class=\"cart-empty woocommerce-info\" role=\"status\">\n\t\tVotre panier est actuellement vide.\t<\/div>\n<\/div>\t<p class=\"return-to-shop\">\n\t\t<a class=\"button wc-backward\" href=\"https:\/\/auktion.kustom.ch\/fr\/shop\/\">\n\t\t\tRetour \u00e0 la boutique\t\t<\/a>\n\t<\/p>\n<\/div>\t\t\t\t<\/div>\n\t\t\t\t<\/div>\n\t\t\t\t\t<\/div>\n\t\t<\/div>\n\t\t\t\t\t<\/div>\n\t\t<\/section>\n\t\t\t\t<\/div>","protected":false},"excerpt":{"rendered":"<p>Panier Retirer l'article Image d'aper\u00e7u Produit Prix Nombre Sous-total \u00d7 Hommes Maillot de goal noir Taille : M CHF 89.00 Hommes Maillot de goal noir Quantit\u00e9 CHF 89.00 Actualiser Appliquer le bon d'achat Panier Total Sous-total CHF 89.00 Exp\u00e9dition Frais d'exp\u00e9dition forfaitaires : CHF 9.50 Exp\u00e9dition \u00e0 Tannwaldstrasse 2, 4601 Olten. Somme totale CHF 98.50 (CHF 7.04 TVA incluse) Continuer vers la caisse<\/p>","protected":false},"author":3,"featured_media":0,"parent":0,"menu_order":0,"comment_status":"closed","ping_status":"closed","template":"elementor_header_footer","meta":{"footnotes":""},"class_list":["post-113736","page","type-page","status-publish","hentry"],"_links":{"self":[{"href":"https:\/\/auktion.kustom.ch\/fr\/wp-json\/wp\/v2\/pages\/113736","targetHints":{"allow":["GET"]}}],"collection":[{"href":"https:\/\/auktion.kustom.ch\/fr\/wp-json\/wp\/v2\/pages"}],"about":[{"href":"https:\/\/auktion.kustom.ch\/fr\/wp-json\/wp\/v2\/types\/page"}],"author":[{"embeddable":true,"href":"https:\/\/auktion.kustom.ch\/fr\/wp-json\/wp\/v2\/users\/3"}],"replies":[{"embeddable":true,"href":"https:\/\/auktion.kustom.ch\/fr\/wp-json\/wp\/v2\/comments?post=113736"}],"version-history":[{"count":0,"href":"https:\/\/auktion.kustom.ch\/fr\/wp-json\/wp\/v2\/pages\/113736\/revisions"}],"wp:attachment":[{"href":"https:\/\/auktion.kustom.ch\/fr\/wp-json\/wp\/v2\/media?parent=113736"}],"curies":[{"name":"wp","href":"https:\/\/api.w.org\/{rel}","templated":true}]}}