{"id":115150,"date":"2025-01-14T10:44:07","date_gmt":"2025-01-14T09:44:07","guid":{"rendered":"https:\/\/auktion.kustom.ch\/produkt\/wm-matchworn-trikot-signiert-gino-steenaerts\/"},"modified":"2025-02-03T11:44:05","modified_gmt":"2025-02-03T10:44:05","slug":"wm-matchworn-trikot-signiert-gino-steenaerts","status":"publish","type":"product","link":"https:\/\/auktion.kustom.ch\/fr\/produit\/wm-matchworn-trikot-signiert-gino-steenaerts\/","title":{"rendered":"Maillot de match de la Coupe du monde d\u00e9dicac\u00e9<br> Gino Steenaerts"},"content":{"rendered":"<p><strong>Maillot exclusif sign\u00e9 de l'\u00e9quipe nationale suisse de handball masculin pour les championnats du monde<\/strong><\/p>\n<p>Maillot de la Coupe du Monde (port\u00e9) avec signature originale du joueur - taille L<\/p>\n<ul type=\"disc\">\n<li class=\"m_-6650778637075396300m-4958449117367111756msolistparagraph\">Date de d\u00e9but des ench\u00e8res : 15 janvier 2025 \u00e0 10 heures<u><\/u><u><\/u><\/li>\n<li class=\"m_-6650778637075396300m-4958449117367111756msolistparagraph\">La vente aux ench\u00e8res se termine le : 2 f\u00e9vrier 2025 \u00e0 minuit<\/li>\n<li class=\"m_-6650778637075396300m-4958449117367111756msolistparagraph\">Prix de d\u00e9part : CHF 150<u><\/u><u><\/u><\/li>\n<li class=\"m_-6650778637075396300m-4958449117367111756msolistparagraph\">Augmentation des ench\u00e8res de 20 CHF \u00e0 chaque fois<\/li>\n<li class=\"m_-6650778637075396300m-4958449117367111756msolistparagraph\">Envoi des maillots apr\u00e8s la cl\u00f4ture des ench\u00e8res en f\u00e9vrier 2025<\/li>\n<\/ul>","protected":false},"excerpt":{"rendered":"<p>Exklusives signiertes WM Matchworn-Trikot der Schweizer Handball Herren Nationalmannschaft WM-Trikot (getragen) mit Originalunterschrift des Spielers &#8211; Gr\u00f6sse L Startdatum der Auktion: 15. Januar 2025 um 10 Uhr Die Auktion endet am: 2. Februar 2025 um Mitternacht Startpreis: CHF 150.- Gebotserh\u00f6hung jeweils um CHF 20.- Versand der Trikots nach Beendigung der Auktion im Februar 2025<\/p>","protected":false},"featured_media":115168,"template":"","meta":[],"product_brand":[],"product_cat":[384],"product_tag":[],"class_list":{"0":"post-115150","1":"product","2":"type-product","3":"status-publish","4":"has-post-thumbnail","6":"product_cat-auktion","8":"first","9":"outofstock","10":"sold-individually","11":"taxable","12":"shipping-taxable","13":"purchasable","14":"product-type-auction_simple"},"_links":{"self":[{"href":"https:\/\/auktion.kustom.ch\/fr\/wp-json\/wp\/v2\/product\/115150","targetHints":{"allow":["GET"]}}],"collection":[{"href":"https:\/\/auktion.kustom.ch\/fr\/wp-json\/wp\/v2\/product"}],"about":[{"href":"https:\/\/auktion.kustom.ch\/fr\/wp-json\/wp\/v2\/types\/product"}],"wp:featuredmedia":[{"embeddable":true,"href":"https:\/\/auktion.kustom.ch\/fr\/wp-json\/wp\/v2\/media\/115168"}],"wp:attachment":[{"href":"https:\/\/auktion.kustom.ch\/fr\/wp-json\/wp\/v2\/media?parent=115150"}],"wp:term":[{"taxonomy":"product_brand","embeddable":true,"href":"https:\/\/auktion.kustom.ch\/fr\/wp-json\/wp\/v2\/product_brand?post=115150"},{"taxonomy":"product_cat","embeddable":true,"href":"https:\/\/auktion.kustom.ch\/fr\/wp-json\/wp\/v2\/product_cat?post=115150"},{"taxonomy":"product_tag","embeddable":true,"href":"https:\/\/auktion.kustom.ch\/fr\/wp-json\/wp\/v2\/product_tag?post=115150"}],"curies":[{"name":"wp","href":"https:\/\/api.w.org\/{rel}","templated":true}]}}